{"id":24,"date":"2024-05-14T14:11:00","date_gmt":"2024-05-14T14:11:00","guid":{"rendered":"http:\/\/zpcbb.agh.edu.pl\/?page_id=24"},"modified":"2024-05-14T14:11:00","modified_gmt":"2024-05-14T14:11:00","slug":"kontakt","status":"publish","type":"page","link":"https:\/\/zpcbb.agh.edu.pl\/en\/kontakt\/","title":{"rendered":"Contact"},"content":{"rendered":"<p>Akademia G\u00f3rniczo-Hutnicza <br>im. Stanis\u0142awa Staszica w Krakowie<br>B-3, III floor, room 313<br>al. Mickiewicza 30<br>30-059 Krak\u00f3w<\/p>\n\n\n\n<p>Phone: <a href=\"tel:+48126173890\">+48 12 617 38 90<\/a><\/p>\n\n\n\n<p><\/p>\n\n\n\n<p><\/p>","protected":false},"excerpt":{"rendered":"<p>Akademia G\u00f3rniczo-Hutnicza im. Stanis\u0142awa Staszica w KrakowieB-3, III p., pok. 313al. Mickiewicza 3030-059 Krak\u00f3w Tel: +48 12 617 38 90<\/p>","protected":false},"author":1,"featured_media":0,"parent":0,"menu_order":0,"comment_status":"closed","ping_status":"closed","template":"","meta":{"footnotes":""},"class_list":["post-24","page","type-page","status-publish","hentry"],"_links":{"self":[{"href":"https:\/\/zpcbb.agh.edu.pl\/en\/wp-json\/wp\/v2\/pages\/24","targetHints":{"allow":["GET"]}}],"collection":[{"href":"https:\/\/zpcbb.agh.edu.pl\/en\/wp-json\/wp\/v2\/pages"}],"about":[{"href":"https:\/\/zpcbb.agh.edu.pl\/en\/wp-json\/wp\/v2\/types\/page"}],"author":[{"embeddable":true,"href":"https:\/\/zpcbb.agh.edu.pl\/en\/wp-json\/wp\/v2\/users\/1"}],"replies":[{"embeddable":true,"href":"https:\/\/zpcbb.agh.edu.pl\/en\/wp-json\/wp\/v2\/comments?post=24"}],"version-history":[{"count":1,"href":"https:\/\/zpcbb.agh.edu.pl\/en\/wp-json\/wp\/v2\/pages\/24\/revisions"}],"predecessor-version":[{"id":47,"href":"https:\/\/zpcbb.agh.edu.pl\/en\/wp-json\/wp\/v2\/pages\/24\/revisions\/47"}],"wp:attachment":[{"href":"https:\/\/zpcbb.agh.edu.pl\/en\/wp-json\/wp\/v2\/media?parent=24"}],"curies":[{"name":"wp","href":"https:\/\/api.w.org\/{rel}","templated":true}]}}