{"id":172,"date":"2024-05-17T08:25:00","date_gmt":"2024-05-17T08:25:00","guid":{"rendered":"http:\/\/zpcbb.agh.edu.pl\/?page_id=172"},"modified":"2025-03-05T15:49:53","modified_gmt":"2025-03-05T15:49:53","slug":"wspolpraca","status":"publish","type":"page","link":"https:\/\/zpcbb.agh.edu.pl\/en\/wspolpraca\/","title":{"rendered":"Collaboration"},"content":{"rendered":"<p><a href=\"https:\/\/www.utwente.nl\/en\/tnw\/spt\/\" data-type=\"link\" data-id=\"https:\/\/www.utwente.nl\/en\/tnw\/spt\/\"><strong>University of Twente &#8211; Sustainable Technologies Group (SPT)<\/strong><\/a><\/p>\n\n\n\n<figure class=\"wp-block-image is-resized\"><img loading=\"lazy\" decoding=\"async\" width=\"500\" height=\"333\" src=\"http:\/\/zpcbb.agh.edu.pl\/wp-content\/uploads\/2024\/05\/University-of-twente-letters.jpg\" alt=\"&quot;University of Twente logo letters located at the entrance of the university's campus&quot; by Pollus Fornerod is licensed by CC BY-SY 4.0\" class=\"wp-image-189\" style=\"width:500px;height:auto\" title=\"&quot;University of Twente logo letters located at the entrance of the university's campus&quot; by Pollus Fornerod is licensed by CC BY-SY 4.0\" srcset=\"https:\/\/zpcbb.agh.edu.pl\/wp-content\/uploads\/2024\/05\/University-of-twente-letters.jpg 500w, https:\/\/zpcbb.agh.edu.pl\/wp-content\/uploads\/2024\/05\/University-of-twente-letters-300x200.jpg 300w, https:\/\/zpcbb.agh.edu.pl\/wp-content\/uploads\/2024\/05\/University-of-twente-letters-18x12.jpg 18w\" sizes=\"auto, (max-width: 500px) 100vw, 500px\" \/><figcaption class=\"wp-element-caption\"><sub>Pollus Fornerod, CC BY-SA 4.0 https:\/\/creativecommons.org\/licenses\/by-sa\/4.0, via Wikimedia Commons<\/sub><\/figcaption><\/figure>\n\n\n\n<p><a href=\"https:\/\/www.uni-hohenheim.de\/en\/english\" data-type=\"link\" data-id=\"https:\/\/www.uni-hohenheim.de\/en\/english\"><strong>University of Hohenheim<\/strong><\/a><\/p>\n\n\n\n<figure class=\"wp-block-image size-full\"><img loading=\"lazy\" decoding=\"async\" width=\"500\" height=\"374\" src=\"http:\/\/zpcbb.agh.edu.pl\/wp-content\/uploads\/2024\/06\/03-Schloss-Hohenheim.jpg\" alt=\"\" class=\"wp-image-241\" srcset=\"https:\/\/zpcbb.agh.edu.pl\/wp-content\/uploads\/2024\/06\/03-Schloss-Hohenheim.jpg 500w, https:\/\/zpcbb.agh.edu.pl\/wp-content\/uploads\/2024\/06\/03-Schloss-Hohenheim-300x224.jpg 300w, https:\/\/zpcbb.agh.edu.pl\/wp-content\/uploads\/2024\/06\/03-Schloss-Hohenheim-16x12.jpg 16w\" sizes=\"auto, (max-width: 500px) 100vw, 500px\" \/><figcaption class=\"wp-element-caption\"><sub>Photo: Universit\u00e4t Hohenheim\/Wolfram Scheible<\/sub><\/figcaption><\/figure>\n\n\n\n<p><a href=\"https:\/\/www.ugent.be\/en\" data-type=\"link\" data-id=\"https:\/\/www.ugent.be\/en\"><strong>Ghent University<\/strong><\/a><\/p>\n\n\n\n<figure class=\"wp-block-image size-full\"><img loading=\"lazy\" decoding=\"async\" width=\"500\" height=\"375\" src=\"http:\/\/zpcbb.agh.edu.pl\/wp-content\/uploads\/2024\/06\/2021_Boekentoren_-_University_Library_of_Ghent.jpg\" alt=\"\" class=\"wp-image-242\" srcset=\"https:\/\/zpcbb.agh.edu.pl\/wp-content\/uploads\/2024\/06\/2021_Boekentoren_-_University_Library_of_Ghent.jpg 500w, https:\/\/zpcbb.agh.edu.pl\/wp-content\/uploads\/2024\/06\/2021_Boekentoren_-_University_Library_of_Ghent-300x225.jpg 300w, https:\/\/zpcbb.agh.edu.pl\/wp-content\/uploads\/2024\/06\/2021_Boekentoren_-_University_Library_of_Ghent-16x12.jpg 16w\" sizes=\"auto, (max-width: 500px) 100vw, 500px\" \/><figcaption class=\"wp-element-caption\"><sub>Geert Roels, CC BY-SA 4.0 https:\/\/creativecommons.org\/licenses\/by-sa\/4.0, via Wikimedia Commons<\/sub><\/figcaption><\/figure>\n\n\n\n<p><strong><a href=\"https:\/\/www.uj.edu.pl\/\" data-type=\"link\" data-id=\"https:\/\/www.uj.edu.pl\/\">Jagiellonian University<\/a> <\/strong><\/p>\n\n\n\n<figure class=\"wp-block-image size-full\"><img loading=\"lazy\" decoding=\"async\" width=\"500\" height=\"375\" src=\"http:\/\/zpcbb.agh.edu.pl\/wp-content\/uploads\/2024\/06\/Jagiellonian_University_Collegium_Novum_1882_designed_by_Feliks_Ksiezarski_24_Golebia_street_Old_Town_Krakow_Poland.jpg\" alt=\"\" class=\"wp-image-232\" srcset=\"https:\/\/zpcbb.agh.edu.pl\/wp-content\/uploads\/2024\/06\/Jagiellonian_University_Collegium_Novum_1882_designed_by_Feliks_Ksiezarski_24_Golebia_street_Old_Town_Krakow_Poland.jpg 500w, https:\/\/zpcbb.agh.edu.pl\/wp-content\/uploads\/2024\/06\/Jagiellonian_University_Collegium_Novum_1882_designed_by_Feliks_Ksiezarski_24_Golebia_street_Old_Town_Krakow_Poland-300x225.jpg 300w, https:\/\/zpcbb.agh.edu.pl\/wp-content\/uploads\/2024\/06\/Jagiellonian_University_Collegium_Novum_1882_designed_by_Feliks_Ksiezarski_24_Golebia_street_Old_Town_Krakow_Poland-16x12.jpg 16w\" sizes=\"auto, (max-width: 500px) 100vw, 500px\" \/><figcaption class=\"wp-element-caption\"><sub>Zygmunt Put Zetpe0202, CC BY-SA 4.0 https:\/\/creativecommons.org\/licenses\/by-sa\/4.0, via Wikimedia Commons<\/sub><\/figcaption><\/figure>\n\n\n\n<p><a href=\"https:\/\/pwr.edu.pl\/\" data-type=\"link\" data-id=\"https:\/\/pwr.edu.pl\/\"><strong>Wroc\u0142aw University of Science and Technology<\/strong><\/a><\/p>\n\n\n\n<figure class=\"wp-block-image size-full\"><img loading=\"lazy\" decoding=\"async\" width=\"500\" height=\"375\" src=\"http:\/\/zpcbb.agh.edu.pl\/wp-content\/uploads\/2024\/06\/Politechnika_Wroclawska_-_budynek_glowny_by_Beata_Zbyb.jpg\" alt=\"\" class=\"wp-image-233\" srcset=\"https:\/\/zpcbb.agh.edu.pl\/wp-content\/uploads\/2024\/06\/Politechnika_Wroclawska_-_budynek_glowny_by_Beata_Zbyb.jpg 500w, https:\/\/zpcbb.agh.edu.pl\/wp-content\/uploads\/2024\/06\/Politechnika_Wroclawska_-_budynek_glowny_by_Beata_Zbyb-300x225.jpg 300w, https:\/\/zpcbb.agh.edu.pl\/wp-content\/uploads\/2024\/06\/Politechnika_Wroclawska_-_budynek_glowny_by_Beata_Zbyb-16x12.jpg 16w\" sizes=\"auto, (max-width: 500px) 100vw, 500px\" \/><figcaption class=\"wp-element-caption\"><sub>Beata Zdyb, CC BY-SA 3.0 PL https:\/\/creativecommons.org\/licenses\/by-sa\/3.0\/pl\/deed.en, via Wikimedia Commons<\/sub><\/figcaption><\/figure>\n\n\n\n<p><a href=\"https:\/\/www.uantwerpen.be\/en\/\" data-type=\"link\" data-id=\"https:\/\/www.uantwerpen.be\/en\/\"><strong>Universiteit Antwerpen<\/strong><\/a><\/p>\n\n\n\n<figure class=\"wp-block-image size-full is-resized\"><img loading=\"lazy\" decoding=\"async\" width=\"500\" height=\"375\" src=\"http:\/\/zpcbb.agh.edu.pl\/wp-content\/uploads\/2024\/06\/University_of_Antwerp_Hof_van_Liere_by_Polla_ta_Deina.jpg\" alt=\"\" class=\"wp-image-234\" style=\"width:500px;height:auto\" srcset=\"https:\/\/zpcbb.agh.edu.pl\/wp-content\/uploads\/2024\/06\/University_of_Antwerp_Hof_van_Liere_by_Polla_ta_Deina.jpg 500w, https:\/\/zpcbb.agh.edu.pl\/wp-content\/uploads\/2024\/06\/University_of_Antwerp_Hof_van_Liere_by_Polla_ta_Deina-300x225.jpg 300w, https:\/\/zpcbb.agh.edu.pl\/wp-content\/uploads\/2024\/06\/University_of_Antwerp_Hof_van_Liere_by_Polla_ta_Deina-16x12.jpg 16w\" sizes=\"auto, (max-width: 500px) 100vw, 500px\" \/><figcaption class=\"wp-element-caption\"><sub>Polla ta deina, CC BY-SA 4.0 https:\/\/creativecommons.org\/licenses\/by-sa\/4.0, via Wikimedia Commons<\/sub><\/figcaption><\/figure>\n\n\n\n<p><a href=\"https:\/\/www.ua.es\/en\/index.html\" data-type=\"link\" data-id=\"https:\/\/www.ua.es\/en\/index.html\"><strong>Universitat d&#8217;Alacant<\/strong><\/a><\/p>\n\n\n\n<figure class=\"wp-block-image size-full\"><img loading=\"lazy\" decoding=\"async\" width=\"500\" height=\"375\" src=\"http:\/\/zpcbb.agh.edu.pl\/wp-content\/uploads\/2024\/06\/UA-Aulario2.jpg\" alt=\"\" class=\"wp-image-243\" srcset=\"https:\/\/zpcbb.agh.edu.pl\/wp-content\/uploads\/2024\/06\/UA-Aulario2.jpg 500w, https:\/\/zpcbb.agh.edu.pl\/wp-content\/uploads\/2024\/06\/UA-Aulario2-300x225.jpg 300w, https:\/\/zpcbb.agh.edu.pl\/wp-content\/uploads\/2024\/06\/UA-Aulario2-16x12.jpg 16w\" sizes=\"auto, (max-width: 500px) 100vw, 500px\" \/><figcaption class=\"wp-element-caption\"><sub>Jos\u00e9 Manuel P\u00e9rez, Public domain, via Wikimedia Commons<\/sub><\/figcaption><\/figure>\n\n\n\n<p><a href=\"https:\/\/maspex.com\/en\/\" data-type=\"link\" data-id=\"https:\/\/maspex.com\/\"><strong>Maspex Group<\/strong><\/a><\/p>\n\n\n\n<figure class=\"wp-block-image size-full\"><img loading=\"lazy\" decoding=\"async\" width=\"500\" height=\"375\" src=\"http:\/\/zpcbb.agh.edu.pl\/wp-content\/uploads\/2024\/06\/640px-ZAJ0207a-1.jpg\" alt=\"\" class=\"wp-image-239\" srcset=\"https:\/\/zpcbb.agh.edu.pl\/wp-content\/uploads\/2024\/06\/640px-ZAJ0207a-1.jpg 500w, https:\/\/zpcbb.agh.edu.pl\/wp-content\/uploads\/2024\/06\/640px-ZAJ0207a-1-300x225.jpg 300w, https:\/\/zpcbb.agh.edu.pl\/wp-content\/uploads\/2024\/06\/640px-ZAJ0207a-1-16x12.jpg 16w\" sizes=\"auto, (max-width: 500px) 100vw, 500px\" \/><figcaption class=\"wp-element-caption\"><sub>Malena1981, CC BY-SA 4.0 https:\/\/creativecommons.org\/licenses\/by-sa\/4.0, via Wikimedia Commons<\/sub><\/figcaption><\/figure>\n\n\n\n<p><strong><a href=\"https:\/\/www.orlen.pl\/en\" data-type=\"link\" data-id=\"https:\/\/www.orlen.pl\/en\">Orlen S.A.<\/a><\/strong><\/p>\n\n\n\n<figure class=\"wp-block-image size-full\"><img loading=\"lazy\" decoding=\"async\" width=\"500\" height=\"375\" src=\"http:\/\/zpcbb.agh.edu.pl\/wp-content\/uploads\/2024\/06\/Plock_Orlen_budynek_biurowy.jpg\" alt=\"\" class=\"wp-image-240\" srcset=\"https:\/\/zpcbb.agh.edu.pl\/wp-content\/uploads\/2024\/06\/Plock_Orlen_budynek_biurowy.jpg 500w, https:\/\/zpcbb.agh.edu.pl\/wp-content\/uploads\/2024\/06\/Plock_Orlen_budynek_biurowy-300x225.jpg 300w, https:\/\/zpcbb.agh.edu.pl\/wp-content\/uploads\/2024\/06\/Plock_Orlen_budynek_biurowy-16x12.jpg 16w\" sizes=\"auto, (max-width: 500px) 100vw, 500px\" \/><figcaption class=\"wp-element-caption\"><sub>Adam Kliczek CC BY-SA 3.0 PL https:\/\/creativecommons.org\/licenses\/by-sa\/3.0\/pl\/deed.en, via Wikimedia Commons<\/sub><\/figcaption><\/figure>\n\n\n\n<p><a href=\"https:\/\/www.grana.pl\/\" data-type=\"link\" data-id=\"https:\/\/www.grana.pl\/\"><strong>Grana sp. z o.o.<\/strong><\/a><\/p>\n\n\n\n<figure class=\"wp-block-image size-full\"><img loading=\"lazy\" decoding=\"async\" width=\"500\" height=\"333\" src=\"http:\/\/zpcbb.agh.edu.pl\/wp-content\/uploads\/2025\/02\/Snipaste_2025-02-18_12-42-45.png\" alt=\"\" class=\"wp-image-282\" srcset=\"https:\/\/zpcbb.agh.edu.pl\/wp-content\/uploads\/2025\/02\/Snipaste_2025-02-18_12-42-45.png 500w, https:\/\/zpcbb.agh.edu.pl\/wp-content\/uploads\/2025\/02\/Snipaste_2025-02-18_12-42-45-300x200.png 300w, https:\/\/zpcbb.agh.edu.pl\/wp-content\/uploads\/2025\/02\/Snipaste_2025-02-18_12-42-45-18x12.png 18w\" sizes=\"auto, (max-width: 500px) 100vw, 500px\" \/><figcaption class=\"wp-element-caption\"><sub>Grana Headquarters in Skawina, Eigenes Werk, CC BY-SA 4.0<\/sub><\/figcaption><\/figure>\n\n\n\n<p><\/p>","protected":false},"excerpt":{"rendered":"<p>University of Twente &#8211; Sustainable Technologies Group (SPT) University of Hohenheim Ghent University Uniwersytet Jagiello\u0144ski Politechnika Wroc\u0142awska Universiteit Antwerpen Universitat d&#8217;Alacant Grupa Maspex Orlen Sp\u00f3\u0142ka Akcyjna Grana sp. z o.o.<\/p>","protected":false},"author":1,"featured_media":0,"parent":0,"menu_order":0,"comment_status":"closed","ping_status":"closed","template":"","meta":{"footnotes":""},"class_list":["post-172","page","type-page","status-publish","hentry"],"_links":{"self":[{"href":"https:\/\/zpcbb.agh.edu.pl\/en\/wp-json\/wp\/v2\/pages\/172","targetHints":{"allow":["GET"]}}],"collection":[{"href":"https:\/\/zpcbb.agh.edu.pl\/en\/wp-json\/wp\/v2\/pages"}],"about":[{"href":"https:\/\/zpcbb.agh.edu.pl\/en\/wp-json\/wp\/v2\/types\/page"}],"author":[{"embeddable":true,"href":"https:\/\/zpcbb.agh.edu.pl\/en\/wp-json\/wp\/v2\/users\/1"}],"replies":[{"embeddable":true,"href":"https:\/\/zpcbb.agh.edu.pl\/en\/wp-json\/wp\/v2\/comments?post=172"}],"version-history":[{"count":12,"href":"https:\/\/zpcbb.agh.edu.pl\/en\/wp-json\/wp\/v2\/pages\/172\/revisions"}],"predecessor-version":[{"id":291,"href":"https:\/\/zpcbb.agh.edu.pl\/en\/wp-json\/wp\/v2\/pages\/172\/revisions\/291"}],"wp:attachment":[{"href":"https:\/\/zpcbb.agh.edu.pl\/en\/wp-json\/wp\/v2\/media?parent=172"}],"curies":[{"name":"wp","href":"https:\/\/api.w.org\/{rel}","templated":true}]}}