{"id":17,"date":"2024-05-14T18:23:18","date_gmt":"2024-05-14T18:23:18","guid":{"rendered":"http:\/\/zpcbb.agh.edu.pl\/?page_id=17"},"modified":"2026-04-09T18:19:01","modified_gmt":"2026-04-09T18:19:01","slug":"publikacje","status":"publish","type":"page","link":"https:\/\/zpcbb.agh.edu.pl\/en\/publikacje\/","title":{"rendered":"Publications"},"content":{"rendered":"<p><a href=\"https:\/\/badap.agh.edu.pl\/autor\/lewandowski-marek-031874\" data-type=\"link\" data-id=\"https:\/\/badap.agh.edu.pl\/autor\/lewandowski-marek-031874\">Lewandowski Marek, <small>dr hab. in\u017c., prof. AGH<\/small><\/a><\/p>\n\n\n\n<p><a href=\"https:\/\/badap.agh.edu.pl\/autor\/wadrzyk-mariusz-006459\" data-type=\"link\" data-id=\"https:\/\/badap.agh.edu.pl\/autor\/wadrzyk-mariusz-006459\">W\u0105drzyk Mariusz, <small>dr in\u017c.<\/small><\/a><\/p>\n\n\n\n<p><a href=\"https:\/\/badap.agh.edu.pl\/autor\/janus-rafal-019300\" data-type=\"link\" data-id=\"https:\/\/badap.agh.edu.pl\/autor\/janus-rafal-019300\">Janus Rafa\u0142, <small>dr in\u017c.<\/small><\/a><\/p>\n\n\n\n<p><a href=\"https:\/\/badap.agh.edu.pl\/autor\/wojcik-marta-k-003799\" data-type=\"link\" data-id=\"https:\/\/badap.agh.edu.pl\/autor\/wojcik-marta-k-003799\">W\u00f3jcik Marta K., <small>dr in\u017c.<\/small><\/a><\/p>\n\n\n\n<p><a href=\"https:\/\/badap.agh.edu.pl\/autor\/jodlowski-grzegorz-stefan-003231\" data-type=\"link\" data-id=\"https:\/\/badap.agh.edu.pl\/autor\/jodlowski-grzegorz-stefan-003231\">Jod\u0142owski Grzegorz Stefan, <small>dr in\u017c.<\/small><\/a><\/p>\n\n\n\n<p><a href=\"https:\/\/badap.agh.edu.pl\/autor\/strzelec-edyta-034355\" data-type=\"link\" data-id=\"https:\/\/badap.agh.edu.pl\/autor\/strzelec-edyta-034355\">Strzelec Edyta, <small>mgr in\u017c.<\/small><\/a><\/p>\n\n\n\n<p><a href=\"https:\/\/badap.agh.edu.pl\/autor\/plata-marek-050034\" data-type=\"link\" data-id=\"https:\/\/badap.agh.edu.pl\/autor\/plata-marek-050034\">Plata Marek, <small>mgr in\u017c.<\/small><\/a><\/p>\n\n\n\n<p><a href=\"https:\/\/badap.agh.edu.pl\/autor\/korzeniowski-lukasz-054225\" data-type=\"link\" data-id=\"https:\/\/badap.agh.edu.pl\/autor\/korzeniowski-lukasz-054225\">Korzeniowski \u0141ukasz, <small>mgr in\u017c.<\/small><\/a><\/p>\n\n\n\n<p><a href=\"https:\/\/badap.agh.edu.pl\/autor\/zaborowska-kamila-050035\" data-type=\"link\" data-id=\"https:\/\/badap.agh.edu.pl\/autor\/zaborowska-kamila-050035\">Zaborowska Kamila, <small>mgr in\u017c.<\/small><\/a><\/p>\n\n\n\n<p><a href=\"https:\/\/badap.agh.edu.pl\/autor\/hudek-pietras-aleksandra-042407\" data-type=\"link\" data-id=\"https:\/\/badap.agh.edu.pl\/autor\/hudek-aleksandra-042407\">Hudek-Pietras Aleksandra, <small>mgr in\u017c.<\/small><\/a><\/p>\n\n\n\n<p><a href=\"https:\/\/badap.agh.edu.pl\/autor\/zdziobek-patryk-045293\" data-type=\"link\" data-id=\"https:\/\/badap.agh.edu.pl\/autor\/zdziobek-patryk-045293\">Patryk Zdziobek, <small>mgr in\u017c.<\/small><\/a><\/p>","protected":false},"excerpt":{"rendered":"<p>Lewandowski Marek, dr hab. in\u017c., prof. AGH W\u0105drzyk Mariusz, dr in\u017c. Janus Rafa\u0142, dr in\u017c. W\u00f3jcik Marta K., dr in\u017c. Jod\u0142owski Grzegorz Stefan, dr in\u017c. Strzelec Edyta, mgr in\u017c. Plata Marek, mgr in\u017c. Korzeniowski \u0141ukasz, mgr in\u017c. Zaborowska Kamila, mgr in\u017c. Hudek-Pietras Aleksandra, mgr in\u017c. Patryk Zdziobek, mgr in\u017c.<\/p>","protected":false},"author":1,"featured_media":0,"parent":0,"menu_order":0,"comment_status":"closed","ping_status":"closed","template":"","meta":{"footnotes":""},"class_list":["post-17","page","type-page","status-publish","hentry"],"_links":{"self":[{"href":"https:\/\/zpcbb.agh.edu.pl\/en\/wp-json\/wp\/v2\/pages\/17","targetHints":{"allow":["GET"]}}],"collection":[{"href":"https:\/\/zpcbb.agh.edu.pl\/en\/wp-json\/wp\/v2\/pages"}],"about":[{"href":"https:\/\/zpcbb.agh.edu.pl\/en\/wp-json\/wp\/v2\/types\/page"}],"author":[{"embeddable":true,"href":"https:\/\/zpcbb.agh.edu.pl\/en\/wp-json\/wp\/v2\/users\/1"}],"replies":[{"embeddable":true,"href":"https:\/\/zpcbb.agh.edu.pl\/en\/wp-json\/wp\/v2\/comments?post=17"}],"version-history":[{"count":7,"href":"https:\/\/zpcbb.agh.edu.pl\/en\/wp-json\/wp\/v2\/pages\/17\/revisions"}],"predecessor-version":[{"id":315,"href":"https:\/\/zpcbb.agh.edu.pl\/en\/wp-json\/wp\/v2\/pages\/17\/revisions\/315"}],"wp:attachment":[{"href":"https:\/\/zpcbb.agh.edu.pl\/en\/wp-json\/wp\/v2\/media?parent=17"}],"curies":[{"name":"wp","href":"https:\/\/api.w.org\/{rel}","templated":true}]}}